{"id":1211,"date":"2020-04-27T22:19:27","date_gmt":"2020-04-28T01:19:27","guid":{"rendered":"http:\/\/www.osmanlitaki.com.br\/?page_id=1211"},"modified":"2020-04-28T10:56:57","modified_gmt":"2020-04-28T13:56:57","slug":"1211-2","status":"publish","type":"page","link":"https:\/\/www.osmanlitaki.com.br\/?page_id=1211","title":{"rendered":"Loja Online"},"content":{"rendered":"<p>[et_pb_section fb_built=&#8221;1&#8243; admin_label=&#8221;Hero&#8221; _builder_version=&#8221;4.4.4&#8243; background_image=&#8221;http:\/\/www.osmanlitaki.com.br\/wp-content\/uploads\/2020\/03\/CrCeyldWEAADBYW.jpeg&#8221; custom_padding=&#8221;0vw||16vw|||&#8221;][et_pb_row _builder_version=&#8221;3.25&#8243; background_size=&#8221;initial&#8221; background_position=&#8221;top_left&#8221; background_repeat=&#8221;repeat&#8221; custom_margin=&#8221;|673px||11px||&#8221; custom_padding=&#8221;100px|235px|226px|155px||&#8221;][et_pb_column type=&#8221;4_4&#8243; _builder_version=&#8221;3.25&#8243; custom_padding=&#8221;|||&#8221; custom_padding__hover=&#8221;|||&#8221;][et_pb_text _builder_version=&#8221;4.4.4&#8243; text_font=&#8221;Quattrocento||||||||&#8221; text_text_color=&#8221;#ffffff&#8221; text_font_size=&#8221;87px&#8221; text_letter_spacing=&#8221;14px&#8221; text_line_height=&#8221;1.4em&#8221; text_font_size_tablet=&#8221;30px&#8221; text_font_size_phone=&#8221;1px&#8221; text_font_size_last_edited=&#8221;on|phone&#8221;]<\/p>\n<p>Loja Online<\/p>\n<p>[\/et_pb_text][\/et_pb_column][\/et_pb_row][\/et_pb_section][et_pb_section fb_built=&#8221;1&#8243; admin_label=&#8221;Products&#8221; _builder_version=&#8221;3.22&#8243;][et_pb_row _builder_version=&#8221;3.25&#8243;][et_pb_column type=&#8221;4_4&#8243; _builder_version=&#8221;3.25&#8243; custom_padding=&#8221;|||&#8221; custom_padding__hover=&#8221;|||&#8221;][et_pb_text _builder_version=&#8221;4.4.4&#8243; text_font=&#8221;Quattrocento|500|||||||&#8221; text_text_color=&#8221;#000000&#8243; text_font_size=&#8221;20px&#8221; quote_font=&#8221;||||||||&#8221; header_font=&#8221;Quattrocento||||||||&#8221; header_font_size=&#8221;34px&#8221; header_2_font=&#8221;Yeseva One||||||||&#8221; header_2_font_size=&#8221;50px&#8221; header_2_line_height=&#8221;1.4em&#8221; text_orientation=&#8221;center&#8221; max_width=&#8221;700px&#8221; module_alignment=&#8221;center&#8221; inline_fonts=&#8221;Quattrocento&#8221;]<\/p>\n<h1><span style=\"font-family: Quattrocento; font-weight: normal; font-size: xx-large;\">Nossos Produtos<\/span><\/h1>\n<p><span style=\"font-family: Quattrocento; font-weight: normal; font-size: medium;\">Aqui voce compra com seguran\u00e7a e comodidade e<\/span><br \/><span style=\"font-family: Quattrocento; font-weight: normal; font-size: medium;\"> recebe seus produtos Osmanl\u0131 Tak\u0131 em sua casa.<\/span><\/p>\n<p>[\/et_pb_text][et_pb_shop type=&#8221;product_category&#8221; include_categories=&#8221;20,22,19,21&#8243; _builder_version=&#8221;4.4.4&#8243; title_font=&#8221;Montserrat|700|||||||&#8221; title_text_align=&#8221;left&#8221; title_text_color=&#8221;#2f3854&#8243; title_font_size=&#8221;18px&#8221; title_line_height=&#8221;1.4em&#8221; price_font=&#8221;Montserrat|700|||||||&#8221; price_text_color=&#8221;#2f3854&#8243; price_line_height=&#8221;1.7em&#8221; hover_enabled=&#8221;0&#8243; posts_number=&#8221;100&#8243;][\/et_pb_shop][et_pb_button button_text=&#8221;Items em Oferta Especial&#8221; button_alignment=&#8221;center&#8221; disabled_on=&#8221;on|on|on&#8221; _builder_version=&#8221;4.4.4&#8243; custom_button=&#8221;on&#8221; button_text_size=&#8221;16px&#8221; button_text_color=&#8221;#ffffff&#8221; button_bg_color=&#8221;#2f3854&#8243; button_border_width=&#8221;10px&#8221; button_border_color=&#8221;rgba(47,56,84,0)&#8221; button_border_radius=&#8221;98px&#8221; button_letter_spacing=&#8221;1px&#8221; button_font=&#8221;Montserrat|700||on|||||&#8221; button_use_icon=&#8221;off&#8221; button_text_color_hover=&#8221;#2f3854&#8243; button_border_radius_hover=&#8221;65px&#8221; button_letter_spacing_hover=&#8221;1px&#8221; button_bg_color_hover=&#8221;rgba(47,56,84,0.1)&#8221; disabled=&#8221;on&#8221; button_text_size__hover_enabled=&#8221;off&#8221; button_one_text_size__hover_enabled=&#8221;off&#8221; button_two_text_size__hover_enabled=&#8221;off&#8221; button_text_color__hover_enabled=&#8221;on&#8221; button_text_color__hover=&#8221;#2f3854&#8243; button_one_text_color__hover_enabled=&#8221;off&#8221; button_two_text_color__hover_enabled=&#8221;off&#8221; button_border_width__hover_enabled=&#8221;off&#8221; button_one_border_width__hover_enabled=&#8221;off&#8221; button_two_border_width__hover_enabled=&#8221;off&#8221; button_border_color__hover_enabled=&#8221;off&#8221; button_one_border_color__hover_enabled=&#8221;off&#8221; button_two_border_color__hover_enabled=&#8221;off&#8221; button_border_radius__hover_enabled=&#8221;on&#8221; button_border_radius__hover=&#8221;65px&#8221; button_one_border_radius__hover_enabled=&#8221;off&#8221; button_two_border_radius__hover_enabled=&#8221;off&#8221; button_letter_spacing__hover_enabled=&#8221;on&#8221; button_letter_spacing__hover=&#8221;1px&#8221; button_one_letter_spacing__hover_enabled=&#8221;off&#8221; button_two_letter_spacing__hover_enabled=&#8221;off&#8221; button_bg_color__hover_enabled=&#8221;on&#8221; button_bg_color__hover=&#8221;rgba(47,56,84,0.1)&#8221; button_one_bg_color__hover_enabled=&#8221;off&#8221; button_two_bg_color__hover_enabled=&#8221;off&#8221;][\/et_pb_button][\/et_pb_column][\/et_pb_row][\/et_pb_section][et_pb_section fb_built=&#8221;1&#8243; disabled_on=&#8221;on|on|on&#8221; admin_label=&#8221;Subscribe&#8221; _builder_version=&#8221;4.4.4&#8243; use_background_color_gradient=&#8221;on&#8221; background_color_gradient_start=&#8221;#ffffff&#8221; background_color_gradient_end=&#8221;rgba(255,255,255,0)&#8221; background_color_gradient_end_position=&#8221;30%&#8221; background_color_gradient_overlays_image=&#8221;on&#8221; background_image=&#8221;http:\/\/www.osmanlitaki.com.br\/wp-content\/uploads\/2020\/04\/Footer-image8.jpg&#8221; custom_padding=&#8221;100px|0px|30vw|0px&#8221; animation_style=&#8221;slide&#8221; animation_direction=&#8221;bottom&#8221; animation_duration=&#8221;1250ms&#8221; animation_intensity_slide=&#8221;1%&#8221; disabled=&#8221;on&#8221; saved_tabs=&#8221;all&#8221;][et_pb_row _builder_version=&#8221;3.25&#8243;][et_pb_column type=&#8221;4_4&#8243; _builder_version=&#8221;3.25&#8243; custom_padding=&#8221;|||&#8221; custom_padding__hover=&#8221;|||&#8221;][et_pb_text _builder_version=&#8221;3.27.4&#8243; text_font=&#8221;Montserrat|500|||||||&#8221; text_text_color=&#8221;rgba(47,56,84,0.5)&#8221; text_font_size=&#8221;16px&#8221; text_line_height=&#8221;1.9em&#8221; header_font=&#8221;||||||||&#8221; header_2_font=&#8221;Yeseva One||||||||&#8221; header_2_font_size=&#8221;50px&#8221; header_2_line_height=&#8221;1.3em&#8221; text_orientation=&#8221;center&#8221; max_width=&#8221;700px&#8221; module_alignment=&#8221;center&#8221;]<\/p>\n<h2>Subscribe Our Newsletter.<\/h2>\n<p>Lorem ipsum dolor sit amet, consectetur adipiscing elit, sed do eiusmod tempor incididunt ut labore et dolore magna aliqua.<\/p>\n<p>[\/et_pb_text][\/et_pb_column][\/et_pb_row][et_pb_row column_structure=&#8221;1_4,1_2,1_4&#8243; _builder_version=&#8221;3.25&#8243;][et_pb_column type=&#8221;1_4&#8243; _builder_version=&#8221;3.25&#8243; custom_padding=&#8221;|||&#8221; custom_padding__hover=&#8221;|||&#8221;][\/et_pb_column][et_pb_column type=&#8221;1_2&#8243; _builder_version=&#8221;3.25&#8243; custom_padding=&#8221;|||&#8221; custom_padding__hover=&#8221;|||&#8221;][et_pb_signup mailchimp_list=&#8221;SlavaET|03dac884f0&#8243; first_name_field=&#8221;off&#8221; last_name_field=&#8221;off&#8221; _builder_version=&#8221;3.23&#8243; header_font=&#8221;||||||||&#8221; use_background_color=&#8221;off&#8221; custom_button=&#8221;on&#8221; button_text_size=&#8221;16px&#8221; button_text_color=&#8221;#ffffff&#8221; button_bg_color=&#8221;#2f3854&#8243; button_border_width=&#8221;10px&#8221; button_border_color=&#8221;rgba(47,56,84,0)&#8221; button_border_radius=&#8221;89px&#8221; button_letter_spacing=&#8221;1px&#8221; button_font=&#8221;Montserrat|700||on|||||&#8221; button_use_icon=&#8221;off&#8221; border_radii_fields=&#8221;on|30px|30px|30px|30px&#8221; border_width_all_fields=&#8221;1px&#8221; border_color_all_fields=&#8221;rgba(47,56,84,0.2)&#8221; button_text_size__hover_enabled=&#8221;off&#8221; button_one_text_size__hover_enabled=&#8221;off&#8221; button_two_text_size__hover_enabled=&#8221;off&#8221; button_text_color__hover_enabled=&#8221;off&#8221; button_one_text_color__hover_enabled=&#8221;off&#8221; button_two_text_color__hover_enabled=&#8221;off&#8221; button_border_width__hover_enabled=&#8221;off&#8221; button_one_border_width__hover_enabled=&#8221;off&#8221; button_two_border_width__hover_enabled=&#8221;off&#8221; button_border_color__hover_enabled=&#8221;off&#8221; button_one_border_color__hover_enabled=&#8221;off&#8221; button_two_border_color__hover_enabled=&#8221;off&#8221; button_border_radius__hover_enabled=&#8221;off&#8221; button_one_border_radius__hover_enabled=&#8221;off&#8221; button_two_border_radius__hover_enabled=&#8221;off&#8221; button_letter_spacing__hover_enabled=&#8221;off&#8221; button_one_letter_spacing__hover_enabled=&#8221;off&#8221; button_two_letter_spacing__hover_enabled=&#8221;off&#8221; button_bg_color__hover_enabled=&#8221;off&#8221; button_one_bg_color__hover_enabled=&#8221;off&#8221; button_two_bg_color__hover_enabled=&#8221;off&#8221;][\/et_pb_signup][\/et_pb_column][et_pb_column type=&#8221;1_4&#8243; _builder_version=&#8221;3.25&#8243; custom_padding=&#8221;|||&#8221; custom_padding__hover=&#8221;|||&#8221;][\/et_pb_column][\/et_pb_row][\/et_pb_section]<\/p>\n","protected":false},"excerpt":{"rendered":"<p>Loja OnlineNossos Produtos Aqui voce compra com seguran\u00e7a e comodidade e recebe seus produtos Osmanl\u0131 Tak\u0131 em sua casa.Subscribe Our Newsletter. Lorem ipsum dolor sit amet, consectetur adipiscing elit, sed do eiusmod tempor incididunt ut labore et dolore magna aliqua.<\/p>\n","protected":false},"author":1,"featured_media":0,"parent":0,"menu_order":0,"comment_status":"closed","ping_status":"closed","template":"","meta":{"_et_pb_use_builder":"on","_et_pb_old_content":"","_et_gb_content_width":"","spay_email":""},"yoast_head":"<!-- This site is optimized with the Yoast SEO plugin v14.8 - https:\/\/yoast.com\/wordpress\/plugins\/seo\/ -->\n<title>Loja Online - Osmanl\u0131 Tak\u0131<\/title>\n<meta name=\"robots\" content=\"index, follow\" \/>\n<meta name=\"googlebot\" content=\"index, follow, max-snippet:-1, max-image-preview:large, max-video-preview:-1\" \/>\n<meta name=\"bingbot\" content=\"index, follow, max-snippet:-1, max-image-preview:large, max-video-preview:-1\" \/>\n<link rel=\"canonical\" href=\"https:\/\/www.osmanlitaki.com.br\/?page_id=1211\" \/>\n<meta property=\"og:locale\" content=\"pt_BR\" \/>\n<meta property=\"og:type\" content=\"article\" \/>\n<meta property=\"og:title\" content=\"Loja Online - Osmanl\u0131 Tak\u0131\" \/>\n<meta property=\"og:description\" content=\"Loja OnlineNossos Produtos Aqui voce compra com seguran\u00e7a e comodidade e recebe seus produtos Osmanl\u0131 Tak\u0131 em sua casa.Subscribe Our Newsletter. Lorem ipsum dolor sit amet, consectetur adipiscing elit, sed do eiusmod tempor incididunt ut labore et dolore magna aliqua.\" \/>\n<meta property=\"og:url\" content=\"https:\/\/www.osmanlitaki.com.br\/?page_id=1211\" \/>\n<meta property=\"og:site_name\" content=\"Osmanl\u0131 Tak\u0131\" \/>\n<meta property=\"article:publisher\" content=\"https:\/\/www.facebook.com\/osmanlibrasil\/\" \/>\n<meta property=\"article:modified_time\" content=\"2020-04-28T13:56:57+00:00\" \/>\n<meta name=\"twitter:card\" content=\"summary_large_image\" \/>\n<script type=\"application\/ld+json\" class=\"yoast-schema-graph\">{\"@context\":\"https:\/\/schema.org\",\"@graph\":[{\"@type\":\"Organization\",\"@id\":\"https:\/\/www.osmanlitaki.com.br\/#organization\",\"name\":\"EDITEK Brasil LTDA\",\"url\":\"https:\/\/www.osmanlitaki.com.br\/\",\"sameAs\":[\"https:\/\/www.facebook.com\/osmanlibrasil\/\",\"http:\/\/instagram.com\/osmanlitakibrasil\"],\"logo\":{\"@type\":\"ImageObject\",\"@id\":\"https:\/\/www.osmanlitaki.com.br\/#logo\",\"inLanguage\":\"pt-BR\",\"url\":\"https:\/\/i2.wp.com\/www.osmanlitaki.com.br\/wp-content\/uploads\/2020\/05\/Logo-EDITEK-2019_black.jpg?fit=250%2C329&ssl=1\",\"width\":250,\"height\":329,\"caption\":\"EDITEK Brasil LTDA\"},\"image\":{\"@id\":\"https:\/\/www.osmanlitaki.com.br\/#logo\"}},{\"@type\":\"WebSite\",\"@id\":\"https:\/\/www.osmanlitaki.com.br\/#website\",\"url\":\"https:\/\/www.osmanlitaki.com.br\/\",\"name\":\"Osmanl\\u0131 Tak\\u0131\",\"description\":\"Aut\\u00eanticas bijoux da Turquia\",\"publisher\":{\"@id\":\"https:\/\/www.osmanlitaki.com.br\/#organization\"},\"potentialAction\":[{\"@type\":\"SearchAction\",\"target\":\"https:\/\/www.osmanlitaki.com.br\/?s={search_term_string}\",\"query-input\":\"required name=search_term_string\"}],\"inLanguage\":\"pt-BR\"},{\"@type\":\"WebPage\",\"@id\":\"https:\/\/www.osmanlitaki.com.br\/?page_id=1211#webpage\",\"url\":\"https:\/\/www.osmanlitaki.com.br\/?page_id=1211\",\"name\":\"Loja Online - Osmanl\\u0131 Tak\\u0131\",\"isPartOf\":{\"@id\":\"https:\/\/www.osmanlitaki.com.br\/#website\"},\"datePublished\":\"2020-04-28T01:19:27+00:00\",\"dateModified\":\"2020-04-28T13:56:57+00:00\",\"inLanguage\":\"pt-BR\",\"potentialAction\":[{\"@type\":\"ReadAction\",\"target\":[\"https:\/\/www.osmanlitaki.com.br\/?page_id=1211\"]}]}]}<\/script>\n<!-- \/ Yoast SEO plugin. -->","jetpack_sharing_enabled":true,"jetpack_shortlink":"https:\/\/wp.me\/Pa3mA2-jx","jetpack-related-posts":[],"_links":{"self":[{"href":"https:\/\/www.osmanlitaki.com.br\/index.php?rest_route=\/wp\/v2\/pages\/1211"}],"collection":[{"href":"https:\/\/www.osmanlitaki.com.br\/index.php?rest_route=\/wp\/v2\/pages"}],"about":[{"href":"https:\/\/www.osmanlitaki.com.br\/index.php?rest_route=\/wp\/v2\/types\/page"}],"author":[{"embeddable":true,"href":"https:\/\/www.osmanlitaki.com.br\/index.php?rest_route=\/wp\/v2\/users\/1"}],"replies":[{"embeddable":true,"href":"https:\/\/www.osmanlitaki.com.br\/index.php?rest_route=%2Fwp%2Fv2%2Fcomments&post=1211"}],"version-history":[{"count":12,"href":"https:\/\/www.osmanlitaki.com.br\/index.php?rest_route=\/wp\/v2\/pages\/1211\/revisions"}],"predecessor-version":[{"id":1319,"href":"https:\/\/www.osmanlitaki.com.br\/index.php?rest_route=\/wp\/v2\/pages\/1211\/revisions\/1319"}],"wp:attachment":[{"href":"https:\/\/www.osmanlitaki.com.br\/index.php?rest_route=%2Fwp%2Fv2%2Fmedia&parent=1211"}],"curies":[{"name":"wp","href":"https:\/\/api.w.org\/{rel}","templated":true}]}}